{"id":275,"date":"2014-11-12T08:11:58","date_gmt":"2014-11-12T08:11:58","guid":{"rendered":"http:\/\/demo.oceanthemes.net\/ananke\/?page_id=275"},"modified":"2026-02-11T14:41:36","modified_gmt":"2026-02-11T20:41:36","slug":"home-slider-light","status":"publish","type":"page","link":"https:\/\/encuentrodepapayeros.com\/","title":{"rendered":"Inicio"},"content":{"rendered":"<div class=\"wpb-content-wrapper\"><p>[vc_row extra_id=&#8221;home&#8221; fullwidth=&#8221;yes&#8221;][vc_column][vc_single_image image=&#8221;1045&#8243; img_size=&#8221;400&#215;400&#8243; alignment=&#8221;center&#8221; css_animation=&#8221;lightSpeedIn&#8221;][vc_empty_space height=&#8221;50&#8243;][vc_media_grid element_width=&#8221;2&#8243; initial_loading_animation=&#8221;fadeInDown&#8221; grid_id=&#8221;vc_gid:1770842213462-0bf79e75-d840-4&#8243; include=&#8221;964,965,966,963,967,968&#8243;][vc_empty_space height=&#8221;70 px&#8221;]\t\n\t<div class=\"header-text \">\n\t\t    \t<h1><\/h1>\n    \t<p><\/p>\n    <\/div>\n\t\n[\/vc_column][\/vc_row][vc_row][vc_column][vc_empty_space height=&#8221;50&#8243;][\/vc_column][\/vc_row][vc_row disable_element=&#8221;yes&#8221; fullwidth=&#8221;yes&#8221;][vc_column][\/vc_column][\/vc_row][vc_row][vc_column]\t\n\t<div class=\"header-text \">\n\t\t    \t<h1>EL \u00daNICO EVENTO QUE REUNE LO MEJOR DE LA INDUSTRIA DE PAPAYAS LLEGA A PUERTO ESCONDIDO<\/h1>\n    \t<p><\/p>\n<p style=\"text-align: center;\"><span style=\"vertical-align: inherit;\"><span style=\"vertical-align: inherit;\"><span style=\"vertical-align: inherit;\"><span style=\"vertical-align: inherit;\"><span style=\"vertical-align: inherit;\"><span style=\"vertical-align: inherit;\"><span style=\"vertical-align: inherit;\"><span style=\"vertical-align: inherit;\">Es un honor darles la bienvenida al\u00a0<\/span><\/span><\/span><\/span><\/span><\/span><\/span><\/span><strong><span style=\"vertical-align: inherit;\"><span style=\"vertical-align: inherit;\"><span style=\"vertical-align: inherit;\"><span style=\"vertical-align: inherit;\"><span style=\"vertical-align: inherit;\"><span style=\"vertical-align: inherit;\"><span style=\"vertical-align: inherit;\"><span style=\"vertical-align: inherit;\">10 Encuentro de Papayas 2024.<\/span><\/span><\/span><\/span><\/span><\/span><\/span><\/span><\/strong><span style=\"vertical-align: inherit;\"><span style=\"vertical-align: inherit;\"><span style=\"vertical-align: inherit;\"><span style=\"vertical-align: inherit;\"><span style=\"vertical-align: inherit;\"><span style=\"vertical-align: inherit;\"><span style=\"vertical-align: inherit;\"><span style=\"vertical-align: inherit;\">\u00a0La edici\u00f3n de este a\u00f1o est\u00e1 especialmente dise\u00f1ada para satisfacer las necesidades y expectativas de los productores de Papayas y entusiastas de la agricultura.\u00a0<\/span><\/span><\/span><\/span><\/span><\/span><\/span><\/span><strong><span style=\"vertical-align: inherit;\"><span style=\"vertical-align: inherit;\"><span style=\"vertical-align: inherit;\"><span style=\"vertical-align: inherit;\"><span style=\"vertical-align: inherit;\"><span style=\"vertical-align: inherit;\"><span style=\"vertical-align: inherit;\"><span style=\"vertical-align: inherit;\">Del 31 de julio al 2 de agosto, nos reuniremos en Puerto Escondido<\/span><\/span><\/span><\/span><\/span><\/span><\/span><\/span><\/strong><span style=\"vertical-align: inherit;\"><span style=\"vertical-align: inherit;\"><span style=\"vertical-align: inherit;\"><span style=\"vertical-align: inherit;\"><span style=\"vertical-align: inherit;\"><span style=\"vertical-align: inherit;\"><span style=\"vertical-align: inherit;\"><span style=\"vertical-align: inherit;\">\u00a0para compartir conocimientos, experiencias y t\u00e9cnicas innovadoras que impulsar\u00e1n la producci\u00f3n y el cultivo de Papayas en la regi\u00f3n de todo M\u00e9xico. Durante dos d\u00edas intensivos, ofreceremos\u00a0<\/span><\/span><\/span><\/span><\/span><\/span><\/span><\/span><strong><span style=\"vertical-align: inherit;\"><span style=\"vertical-align: inherit;\"><span style=\"vertical-align: inherit;\"><span style=\"vertical-align: inherit;\"><span style=\"vertical-align: inherit;\"><span style=\"vertical-align: inherit;\"><span style=\"vertical-align: inherit;\"><span style=\"vertical-align: inherit;\">conferencias t\u00e9cnicas dise\u00f1adas para capacitar a los productores en las \u00faltimas tendencias y mejores pr\u00e1cticas en el cultivo.<\/span><\/span><\/span><\/span><\/span><\/span><\/span><\/span><\/strong><span style=\"vertical-align: inherit;\"><span style=\"vertical-align: inherit;\"><span style=\"vertical-align: inherit;\"><span style=\"vertical-align: inherit;\"><span style=\"vertical-align: inherit;\"><span style=\"vertical-align: inherit;\"><span style=\"vertical-align: inherit;\"><span style=\"vertical-align: inherit;\">\u00a0Nuestro objetivo es brindar a los participantes las herramientas y el conocimiento necesario para optimizar la producci\u00f3n, mejorar la calidad del producto y aumentar la rentabilidad de sus cultivos.<\/span><\/span><\/span><\/span><\/span><\/span><\/span><\/span><\/p>\n<p><\/p>\n    <\/div>\n\t\n[vc_btn title=&#8221;DESCARGAR EL PROGRAMA&#8221; style=&#8221;classic&#8221; shape=&#8221;round&#8221; color=&#8221;warning&#8221; align=&#8221;center&#8221; css_animation=&#8221;bounceIn&#8221; link=&#8221;url:https%3A%2F%2Fheyzine.com%2Fflip-book%2Ffab2a8e94a.html|title:Programa%20Encuentro%20de%20Papayeros|target:_blank&#8221;][vc_empty_space height=&#8221;50&#8243;][vc_empty_space height=&#8221;50&#8243;]\t\n\t<div class=\"header-text \">\n\t\t    \t<h1>APOSTANDO POR UNA AGRICULTURA SUSTENTABLE<\/h1>\n    \t<p><\/p>\n<p style=\"text-align: center;\">Adem\u00e1s, contaremos con la presencia de proveedores de tecnolog\u00eda agr\u00edcola, empresas de insumos y servicios relacionados con la producci\u00f3n de Papayas. No s\u00f3lo nos enfocaremos en los aspectos t\u00e9cnicos de la producci\u00f3n de Papayas, sino que\u00a0<strong>tambi\u00e9n exploraremos temas relacionados con la sostenibilidad, la conservaci\u00f3n del medio ambiente y la responsabilidad social.<\/strong>\u00a0En la agricultura creemos en la importancia de cultivar de manera responsable y respetuosa con el entorno y estamos comprometidos a\u00a0<strong>promover pr\u00e1cticas agr\u00edcolas sostenibles que beneficien tanto a los productores como el medio ambiente.<\/strong>\u00a0Estamos construyendo un futuro m\u00e1s pr\u00f3spero y sostenible para la industria de la Papaya en M\u00e9xico y de todo el mundo.<\/p>\n<p><\/p>\n    <\/div>\n\t\n[vc_custom_heading text=&#8221;TE ESPERAN DOS D\u00cdAS DE CONFERENCIAS CON EXPERTOS EN EL CULTIVO&#8221; font_container=&#8221;tag:h2|font_size:20|text_align:center|color:%230a0a0a|line_height:1.5&#8243; use_theme_fonts=&#8221;yes&#8221; css_animation=&#8221;slideInLeft&#8221; link=&#8221;url:https%3A%2F%2Fencuentrodepapayeros.com%2F%3Fpage_id%3D843|title:Ponentes&#8221;][vc_empty_space height=&#8221;25&#8243;][vc_masonry_media_grid style=&#8221;load-more&#8221; items_per_page=&#8221;9&#8243; item=&#8221;masonryMedia_SlideWithTitleAndCaption&#8221; btn_title=&#8221;Ver m\u00e1s&#8221; btn_style=&#8221;classic&#8221; btn_color=&#8221;orange&#8221; btn_align=&#8221;center&#8221; grid_id=&#8221;vc_gid:1770842213462-b4940311-792c-4&#8243; include=&#8221;941,942,947,944,948,945,796,790,797&#8243;][vc_custom_heading text=&#8221;SEDE DEL EVENTO&#8221; font_container=&#8221;tag:h1|font_size:40|text_align:center|color:%230a0a0a|line_height:1.5&#8243; use_theme_fonts=&#8221;yes&#8221; css_animation=&#8221;zoomIn&#8221; link=&#8221;url:https%3A%2F%2Fencuentrodepapayeros.com%2F%3Fpage_id%3D843|title:Ponentes&#8221;][vc_empty_space height=&#8221;20&#8243;][vc_hoverbox image=&#8221;1032&#8243; primary_title=&#8221;&#8221; primary_title_font_container=&#8221;color:%23ffffff&#8221; primary_title_use_theme_fonts=&#8221;yes&#8221; hover_title=&#8221;&#8221; hover_btn_title=&#8221;M\u00e1s informaci\u00f3n&#8221; hover_btn_color=&#8221;success&#8221; css_animation=&#8221;zoomIn&#8221; use_custom_fonts_primary_title=&#8221;true&#8221; hover_add_button=&#8221;true&#8221; hover_btn_link=&#8221;url:https%3A%2F%2Fencuentrodepapayeros.com%2F%3Fpage_id%3D1018|title:Formulario%20Eventos%202024|target:_blank&#8221;]Conoce el hotel sede del evento y las tarifas preferenciales que tenemos para ti.<\/p>\n<p>&nbsp;<\/p>\n<p>[\/vc_hoverbox][vc_empty_space height=&#8221;50&#8243;][vc_btn title=&#8221;QUIERO REGISTRARME&#8221; style=&#8221;classic&#8221; shape=&#8221;round&#8221; color=&#8221;green&#8221; align=&#8221;center&#8221; css_animation=&#8221;bounceInUp&#8221; link=&#8221;url:https%3A%2F%2Fheyzine.com%2Fflip-book%2F585382888a.html|title:Layout%20Encuentro%20de%20Papayeros|target:_blank&#8221;][vc_empty_space height=&#8221;50&#8243;][vc_text_separator title=&#8221;HABLEMOS DE PAPAYAS&#8221; color=&#8221;orange&#8221; border_width=&#8221;2&#8243; css_animation=&#8221;bounceInDown&#8221;]   \n\t<div class=\"z-index\">\t\n    \t\n\t\t<div class=\"four columns\">\n\t\t\t<div class=\"blog-post home-blog\">\n\t\t\t\t\t\t\t\t<a href=\"https:\/\/encuentrodepapayeros.com\/?p=1\"><img decoding=\"async\" src=\"https:\/\/encuentrodepapayeros.com\/wp-content\/uploads\/bfi_thumb\/Papaya_03-2-3k09pr6x6a9estnld1dudc.jpg\" alt=\"\" \/><\/a>\n\t\t\t\t<h5><a href=\"https:\/\/encuentrodepapayeros.com\/?p=1\">Efecto favorecedor de los HMA y su interacci\u00f3n con el f\u00f3sforo<\/a><\/h5>\n\t\t\t\t<p>En diferentes especies vegetales, la micorriza arbuscular facilita la absorci\u00f3n de f\u00f3sforo...<\/p>\n\t\t\t\t<p><span>2 marzo, 2024<\/span><span>0 comment<\/span><\/p>\n\t\t\t<\/div>\n\t\t<\/div>\n\t\n\t\t\n\t\t<div class=\"four columns\">\n\t\t\t<div class=\"blog-post home-blog\">\n\t\t\t\t\t\t\t\t<a href=\"https:\/\/encuentrodepapayeros.com\/?p=176\"><img decoding=\"async\" src=\"https:\/\/encuentrodepapayeros.com\/wp-content\/uploads\/bfi_thumb\/Papaya_03-scaled-3k09ns2owokttd65cqqpz4.jpg\" alt=\"\" \/><\/a>\n\t\t\t\t<h5><a href=\"https:\/\/encuentrodepapayeros.com\/?p=176\">Antracnosis, una de las principales enfermedades que afectan a papaya.<\/a><\/h5>\n\t\t\t\t<p>La papaya (Carica papaya) es un fruto proveniente de Mesoam\u00e9rica, que es...<\/p>\n\t\t\t\t<p><span>30 octubre, 2014<\/span><span>0 comment<\/span><\/p>\n\t\t\t<\/div>\n\t\t<\/div>\n\t\n\t\t\n\t\t<div class=\"four columns\">\n\t\t\t<div class=\"blog-post home-blog\">\n\t\t\t\t\t\t\t\t<a href=\"https:\/\/encuentrodepapayeros.com\/?p=23\"><img decoding=\"async\" src=\"https:\/\/encuentrodepapayeros.com\/wp-content\/uploads\/bfi_thumb\/Papaya_02-2-3k09prp0jge5x0n2wi4gsg.jpg\" alt=\"\" \/><\/a>\n\t\t\t\t<h5><a href=\"https:\/\/encuentrodepapayeros.com\/?p=23\">Tratamientos hidrot\u00e9rmicos en el control de pat\u00f3genos y plagas<\/a><\/h5>\n\t\t\t\t<p>En los \u00faltimos a\u00f1os ha surgido la necesidad de buscar nuevas alternativas...<\/p>\n\t\t\t\t<p><span>22 septiembre, 2014<\/span><span>0 comment<\/span><\/p>\n\t\t\t<\/div>\n\t\t<\/div>\n\t\n\t\t\t\n\t<\/div> \n[vc_separator][\/vc_column][\/vc_row][vc_row][vc_column][vc_empty_space height=&#8221;50&#8243;]\t\n\t<div class=\"contact-det\">\n\t\t<h6><i class=\"fas fa-address-book\"><\/i>REG\u00cdSTRATE PARA RECIBIR M\u00c1S INFORMACI\u00d3N<\/h6>\n\t\t<p><span style=\"vertical-align: inherit;\"><span style=\"vertical-align: inherit;\"><span style=\"vertical-align: inherit;\"><span style=\"vertical-align: inherit;\">Tambi\u00e9n puedes escribirnos por WhatsApp al 55 1919 7407 o al correo electr\u00f3nico <\/span><\/span><\/span><\/span>ventas.editorialderiego@gmail.com<\/p>\n\t<\/div>\n\n[vc_empty_space height=&#8221;50&#8243;][vc_btn title=&#8221;QUIERO QUE ME CONTACTEN&#8221; color=&#8221;danger&#8221; align=&#8221;center&#8221; css_animation=&#8221;flipInX&#8221; link=&#8221;url:https%3A%2F%2Fencuentrodepapayeros.com%2F%3Fpage_id%3D854|title:Contacto&#8221;][\/vc_column][\/vc_row][vc_row][vc_column][vc_empty_space height=&#8221;50&#8243;][\/vc_column][\/vc_row][vc_row][vc_column][vc_hoverbox image=&#8221;981&#8243; primary_title=&#8221;OTROS EVENTOS&#8221; primary_title_font_container=&#8221;color:%23ffffff&#8221; primary_title_use_theme_fonts=&#8221;yes&#8221; hover_title=&#8221;&#8221; hover_btn_title=&#8221;M\u00e1s informaci\u00f3n&#8221; hover_btn_color=&#8221;success&#8221; css_animation=&#8221;zoomIn&#8221; use_custom_fonts_primary_title=&#8221;true&#8221; hover_add_button=&#8221;true&#8221; hover_btn_link=&#8221;url:https%3A%2F%2Fheyzine.com%2Fflip-book%2F2eadeca5c0.html|title:Formulario%20Eventos%202024|target:_blank&#8221;]deRiego presente en los mejores eventos del sector Agr\u00edcola. \u00a1Te esperamos![\/vc_hoverbox][\/vc_column][\/vc_row]<\/p>\n<\/div>","protected":false},"excerpt":{"rendered":"<p>[vc_row extra_id=&#8221;home&#8221; fullwidth=&#8221;yes&#8221;][vc_column][vc_single_image image=&#8221;1045&#8243; img_size=&#8221;400&#215;400&#8243; alignment=&#8221;center&#8221; css_animation=&#8221;lightSpeedIn&#8221;][vc_empty_space height=&#8221;50&#8243;][vc_media_grid element_width=&#8221;2&#8243; initial_loading_animation=&#8221;fadeInDown&#8221; grid_id=&#8221;vc_gid:1770842213462-0bf79e75-d840-4&#8243; include=&#8221;964,965,966,963,967,968&#8243;][vc_empty_space height=&#8221;70 px&#8221;][\/vc_column][\/vc_row][vc_row][vc_column][vc_empty_space height=&#8221;50&#8243;][\/vc_column][\/vc_row][vc_row disable_element=&#8221;yes&#8221; fullwidth=&#8221;yes&#8221;][vc_column][\/vc_column][\/vc_row][vc_row][vc_column][vc_btn title=&#8221;DESCARGAR EL PROGRAMA&#8221; style=&#8221;classic&#8221; shape=&#8221;round&#8221; color=&#8221;warning&#8221; align=&#8221;center&#8221; css_animation=&#8221;bounceIn&#8221; link=&#8221;url:https%3A%2F%2Fheyzine.com%2Fflip-book%2Ffab2a8e94a.html|title:Programa%20Encuentro%20de%20Papayeros|target:_blank&#8221;][vc_empty_space height=&#8221;50&#8243;][vc_empty_space height=&#8221;50&#8243;][vc_custom_heading text=&#8221;TE ESPERAN DOS D\u00cdAS DE CONFERENCIAS CON EXPERTOS EN EL CULTIVO&#8221; font_container=&#8221;tag:h2|font_size:20|text_align:center|color:%230a0a0a|line_height:1.5&#8243; use_theme_fonts=&#8221;yes&#8221; css_animation=&#8221;slideInLeft&#8221; link=&#8221;url:https%3A%2F%2Fencuentrodepapayeros.com%2F%3Fpage_id%3D843|title:Ponentes&#8221;][vc_empty_space height=&#8221;25&#8243;][vc_masonry_media_grid style=&#8221;load-more&#8221; items_per_page=&#8221;9&#8243; item=&#8221;masonryMedia_SlideWithTitleAndCaption&#8221; btn_title=&#8221;Ver m\u00e1s&#8221; btn_style=&#8221;classic&#8221; btn_color=&#8221;orange&#8221; btn_align=&#8221;center&#8221; grid_id=&#8221;vc_gid:1770842213462-b4940311-792c-4&#8243; include=&#8221;941,942,947,944,948,945,796,790,797&#8243;][vc_custom_heading text=&#8221;SEDE [&hellip;]<\/p>\n","protected":false},"author":1,"featured_media":0,"parent":0,"menu_order":0,"comment_status":"open","ping_status":"closed","template":"page-templates\/template-canvas.php","meta":{"footnotes":""},"class_list":["post-275","page","type-page","status-publish","hentry"],"_links":{"self":[{"href":"https:\/\/encuentrodepapayeros.com\/index.php?rest_route=\/wp\/v2\/pages\/275","targetHints":{"allow":["GET"]}}],"collection":[{"href":"https:\/\/encuentrodepapayeros.com\/index.php?rest_route=\/wp\/v2\/pages"}],"about":[{"href":"https:\/\/encuentrodepapayeros.com\/index.php?rest_route=\/wp\/v2\/types\/page"}],"author":[{"embeddable":true,"href":"https:\/\/encuentrodepapayeros.com\/index.php?rest_route=\/wp\/v2\/users\/1"}],"replies":[{"embeddable":true,"href":"https:\/\/encuentrodepapayeros.com\/index.php?rest_route=%2Fwp%2Fv2%2Fcomments&post=275"}],"version-history":[{"count":129,"href":"https:\/\/encuentrodepapayeros.com\/index.php?rest_route=\/wp\/v2\/pages\/275\/revisions"}],"predecessor-version":[{"id":1046,"href":"https:\/\/encuentrodepapayeros.com\/index.php?rest_route=\/wp\/v2\/pages\/275\/revisions\/1046"}],"wp:attachment":[{"href":"https:\/\/encuentrodepapayeros.com\/index.php?rest_route=%2Fwp%2Fv2%2Fmedia&parent=275"}],"curies":[{"name":"wp","href":"https:\/\/api.w.org\/{rel}","templated":true}]}}